{"id":2,"date":"2009-06-29T14:41:56","date_gmt":"2009-06-29T10:41:56","guid":{"rendered":"http:\/\/63.223.110.233\/~shahidov\/?page_id=2"},"modified":"2026-04-05T20:29:04","modified_gmt":"2026-04-05T16:29:04","slug":"life","status":"publish","type":"page","link":"https:\/\/shahidov.com\/tr\/?page_id=2","title":{"rendered":"Biyografi"},"content":{"rendered":"<figure id=\"attachment_12736\" aria-describedby=\"caption-attachment-12736\" style=\"width: 386px\" class=\"wp-caption alignleft\"><a href=\"https:\/\/shahidov.com\/tr\/wp-content\/uploads\/2020\/03\/shahidov.jpg\"><img loading=\"lazy\" decoding=\"async\" class=\"size-medium wp-image-12736\" src=\"https:\/\/shahidov.com\/tr\/wp-content\/uploads\/2020\/03\/shahidov-386x335.jpg\" alt=\"\" width=\"386\" height=\"335\" srcset=\"https:\/\/shahidov.com\/tr\/wp-content\/uploads\/2020\/03\/shahidov-386x335.jpg 386w, https:\/\/shahidov.com\/tr\/wp-content\/uploads\/2020\/03\/shahidov-577x500.jpg 577w, https:\/\/shahidov.com\/tr\/wp-content\/uploads\/2020\/03\/shahidov-768x666.jpg 768w, https:\/\/shahidov.com\/tr\/wp-content\/uploads\/2020\/03\/shahidov.jpg 1000w\" sizes=\"auto, (max-width: 386px) 100vw, 386px\" \/><\/a><figcaption id=\"caption-attachment-12736\" class=\"wp-caption-text\">Ahmet \u015eair o\u011flu \u015eahidov<\/figcaption><\/figure>\n<p><span style=\"color: #0000ff;\"><a style=\"color: #0000ff;\" href=\"https:\/\/shahidov.com\/tr\/wp-content\/uploads\/2022\/04\/Dr.Ahmet_Sahidov_Resume_Turkce.pdf\" target=\"_blank\" rel=\"noopener\">Dr.Ahmet_\u015eahidov_Resume_T\u00fcrk\u00e7e<\/a><\/span><\/p>\n<p><span style=\"color: #0000ff;\"><a style=\"color: #0000ff;\" href=\"https:\/\/shahidov.com\/tr\/wp-content\/uploads\/2022\/04\/Dr.Ahmad_Shahidov_Resume_English.pdf\" target=\"_blank\" rel=\"noopener\">Dr.Ahmad_Shahidov_Resume_English<\/a><\/span><\/p>\n<p>Ahmet \u015eahidov, 31 A\u011fustos 1982&#8217;de Azerbaycan`\u0131n Gakh b\u00f6lgesinde do\u011fdu.<\/p>\n<p>1999 y\u0131l\u0131nda Bak\u00fc&#8217;n\u00fcn Binagadi il\u00e7esi 83 Nolu Liseden mezun oldu.<\/p>\n<p>1999-2003 y\u0131llar\u0131nda Bak\u00fc Slav \u00dcniversitesi Rus Dili ve Edebiyat\u0131 Fak\u00fcltesi&#8217;nden lisans, 2003-2005&#8217;te Bak\u00fc Slav \u00dcniversitesi&#8217;nden y\u00fcksek lisans ve 2005-2008 y\u0131llar\u0131nda Bak\u00fc Slav \u00dcniversitesi Doktora B\u00f6l\u00fcm\u00fc&#8217;nde e\u011fitimine devam etti.<\/p>\n<p>2009 y\u0131l\u0131nda Azerbaycan Cumhuriyeti Cumhurba\u015fkan\u0131na ba\u011fl\u0131 Y\u00fcksek Tasdik Komisyonu karar\u0131 ile Felsefe Doktoru (PhD on Philology) unvan\u0131n\u0131 ald\u0131.<\/p>\n<p>2009-2014 y\u0131llar\u0131nda Rusya&#8217;n\u0131n Moskova kentinde Rusya Federasyonu Ba\u015fkan\u0131&#8217;na ba\u011fl\u0131 Kamu Y\u00f6netimi Akademisi Hukuk Fak\u00fcltesi&#8217;nde Devlet Hukuku okudu. Y\u00fcksek \u00f6\u011frenim g\u00f6rm\u00fc\u015f bir avukatt\u0131r.<\/p>\n<p>2011-2012 y\u0131llar\u0131nda Azerbaycan Cumhuriyeti Milli Meclisinde \u00e7al\u0131\u015ft\u0131.<\/p>\n<figure id=\"attachment_12740\" aria-describedby=\"caption-attachment-12740\" style=\"width: 315px\" class=\"wp-caption alignright\"><a href=\"https:\/\/www.youtube.com\/watch?v=3Ru246ExocE\"><img loading=\"lazy\" decoding=\"async\" class=\"wp-image-12740 size-thumbnail\" src=\"https:\/\/shahidov.com\/tr\/wp-content\/uploads\/2020\/03\/avropa_parlamenti-315x220.jpg\" alt=\"\" width=\"315\" height=\"220\" \/><\/a><figcaption id=\"caption-attachment-12740\" class=\"wp-caption-text\">Karaba\u011f`da 2 ya\u015f\u0131ndaki Zahra&#8217;n\u0131n Ermeni askerler taraf\u0131ndan \u00f6ld\u00fcr\u00fclmesine ili\u015fkin Avrupa Parlamentosu&#8217;nda konu\u015fma, Br\u00fcksel, Bel\u00e7ika<\/figcaption><\/figure>\n<p>2013-2014 y\u0131llar\u0131nda TURSAM Stratejik Ara\u015ft\u0131rmalar Merkezi&#8217;nde Genel Sekreter olarak g\u00f6rev yapt\u0131. TURSAM ba\u015fkan\u0131 olarak T\u00fcrkiye, KKTC, Kazakistan, K\u0131rg\u0131zistan ve di\u011fer T\u00fcrk\u00e7e konu\u015fan \u00f6zerk cumhuriyetlerde uluslararas\u0131 etkinlik ve konferanslara kat\u0131ld\u0131, T\u00fcrk Birli\u011fi&#8217;nin gereklili\u011fi konusunda \u00e7ok say\u0131da konu\u015fma yapt\u0131.<\/p>\n<p>2014 y\u0131l\u0131ndan bu yana Azerbaycan Demokrasi ve \u0130nsan Haklar\u0131 Enstit\u00fcs\u00fc (<a href=\"http:\/\/www.aidhr.org\" target=\"_blank\" rel=\"noopener noreferrer\"> www.aidhr.org <\/a>) ba\u015fkan\u0131d\u0131r. D\u00fcnyan\u0131n bir\u00e7ok \u00fclkesinde Azerbaycan ger\u00e7e\u011fini anlatmak ve Ermenistan-Azerbaycan-Da\u011fl\u0131k Karaba\u011f sorununun insani sonu\u00e7lar\u0131n\u0131 d\u00fcnya kamuoyuna sunmak i\u00e7in \u00e7al\u0131\u015ft\u0131.<\/p>\n<p>AG\u0130T, AKPM, BM ve di\u011fer etkili uluslararas\u0131 kurulu\u015flarda Azerbaycan&#8217;\u0131n ulusal \u00e7\u0131karlar\u0131n\u0131n, \u00f6zellikle de Azerbaycanl\u0131 m\u00fcltecilerin ve \u00fclke i\u00e7inde yerinden edilmi\u015f ki\u015filerin, ayr\u0131ca esir ve rehinelerin korunmas\u0131 konusunda \u00e7ok say\u0131da konu\u015fma ve rapor yapt\u0131.<\/p>\n<blockquote><p><span style=\"color: #000080;\">1 Kas\u0131m 2015 tarihinde Azerbaycan&#8217;da yap\u0131lan milletvekili se\u00e7imlerinde 112 Nolu Gah Se\u00e7im B\u00f6lgesi&#8217;nden aday oldu. Merkez Se\u00e7im Komisyonu&#8217;nun a\u00e7\u0131klad\u0131\u011f\u0131 resmi sonu\u00e7lara g\u00f6re 2735 oyla ikinci s\u0131ray\u0131 ald\u0131. Tarafs\u0131zd\u0131r.<\/span><\/p>\n<hr \/>\n<\/blockquote>\n<figure id=\"attachment_12742\" aria-describedby=\"caption-attachment-12742\" style=\"width: 315px\" class=\"wp-caption alignleft\"><a href=\"https:\/\/youtu.be\/fiUF9weNOMo\"><img loading=\"lazy\" decoding=\"async\" class=\"wp-image-12742 size-thumbnail\" src=\"https:\/\/shahidov.com\/tr\/wp-content\/uploads\/2020\/03\/atet_girovlar-315x220.jpg\" alt=\"\" width=\"315\" height=\"220\" \/><\/a><figcaption id=\"caption-attachment-12742\" class=\"wp-caption-text\">AG\u0130T`in Var\u015fova toplant\u0131s\u0131nda Azerbaycanl\u0131 rehineler Dilgam Askerov ve \u015eahbaz Guliyev hakk\u0131nda konu\u015fma, Var\u015fova, Polonya<\/figcaption><\/figure>\n<p>2018&#8217;den itibaren, Azerbaycanl\u0131 Esir ve Rehineler ile ilgili Bilgi Merkezi`nin (<a href=\"http:\/\/www.hostages.az\" target=\"_blank\" rel=\"noopener noreferrer\"> www.hostages.az <\/a> ) ba\u015fkan\u0131d\u0131r. Azerbaycanl\u0131 rehineler Dilgam Asgarov ve \u015eahbaz Guliyev`in ermeniler taraf\u0131ndan yasad\u0131\u015f\u0131 bir \u015fekilde g\u00f6zalt\u0131na al\u0131nmas\u0131 ile ilgili hem Azerbaycan`da, hem de yutd\u0131\u015f\u0131nda bir dizi uluslararas\u0131 kurulu\u015fta say\u0131s\u0131z konu\u015fmalar yapt\u0131 ve bug\u00fcn de Azerbaycanl\u0131 rehinelerin serbest b\u0131rak\u0131lmas\u0131 i\u00e7in \u00e7al\u0131\u015fmalar\u0131n\u0131 s\u00fcrd\u00fcr\u00fcyor.<\/p>\n<p>Azerbaycan diasporas\u0131n\u0131 g\u00fc\u00e7lendirmek ve ermeni yalanlar\u0131yla etkin bir \u015fekilde m\u00fccadele etmek i\u00e7in bir dizi projeye imza atan Ahmet \u015eahidov, d\u00fcnyan\u0131n \u00e7e\u015fitli \u00fclkelerinde Azerbaycan diaspora aktivistleriyle birlikte etkinlikler, konferanslar, eylemler ve mitingler d\u00fczenledi ve defalarca Ermenistan`\u0131n Avrupa`daki b\u00fcy\u00fckel\u00e7ilikleri \u00f6n\u00fcnde protesto g\u00f6sterilerine kat\u0131ld\u0131. Ayr\u0131ca, Azerbaycan&#8217;\u0131n devlet diaspora politikas\u0131n\u0131 desteklemek i\u00e7in Diaspora.az portal\u0131n\u0131 olu\u015fturdu ve \u015fu anda bu sitenin genel yay\u0131n y\u00f6netmenli\u011fini yap\u0131yor.<\/p>\n<blockquote><p><span style=\"color: #000080;\">9 \u015eubat 2020&#8217;de Azerbaycan&#8217;da yap\u0131lan erken milletvekili se\u00e7imlerinde 112 Nolu Gakh Se\u00e7im B\u00f6lgesi&#8217;nden aday oldu. Merkez Se\u00e7im Komisyonu&#8217;nun a\u00e7\u0131klad\u0131\u011f\u0131 resmi sonu\u00e7lara g\u00f6re 4186 oyla ikinci s\u0131ray\u0131 ald\u0131. Tarafs\u0131zd\u0131r.<\/span><\/p>\n<hr \/>\n<\/blockquote>\n<p>6 kitab\u0131n yazar\u0131 olan Ahmet \u015eahidov, bas\u0131nda periyodik olarak sosyo-politik makaleler yay\u0131nlamaktad\u0131r.<\/p>\n<p>T\u00fcrk\u00e7e, Rus\u00e7a ve \u0130ngilizce bilmektedir. Evlidir ve \u00fc\u00e7 \u00e7ocu\u011fu &#8211; 2 o\u011flu, 1 k\u0131z\u0131 var.<\/p>\n<p>Ahmet \u015eahidov&#8217;un sosyal medya hesaplar\u0131:<br \/>\nFacebook: <a href=\"https:\/\/www.facebook.com\/shahidovcom\" target=\"_blank\" rel=\"noopener noreferrer\">https:\/\/www.facebook.com\/shahidovcom<\/a><br \/>\nYouTube: <a href=\"https:\/\/www.youtube.com\/shahidovcom\" target=\"_blank\" rel=\"noopener noreferrer\">https:\/\/www.youtube.com\/shahidovcom<\/a><br \/>\nInstagram: <a href=\"https:\/\/www.instagram.com\/shahidovcom\" target=\"_blank\" rel=\"noopener noreferrer\">https:\/\/www.instagram.com\/shahidovcom<\/a><br \/>\nX: <a href=\"https:\/\/www.twitter.com\/shahidovcom\" target=\"_blank\" rel=\"noopener noreferrer\">https:\/\/www.x.com\/shahidovcom<\/a><br \/>\nTikTok: <a href=\"https:\/\/www.tiktok.com\/@shahidov.com\" target=\"_blank\" rel=\"noopener noreferrer\">https:\/\/www.tiktok.com\/@shahidov.com<\/a><br \/>\nWhatsApp: +99450 205 10 66<\/p>\n","protected":false},"excerpt":{"rendered":"<p>Dr.Ahmet_\u015eahidov_Resume_T\u00fcrk\u00e7e Dr.Ahmad_Shahidov_Resume_English Ahmet \u015eahidov, 31 A\u011fustos 1982&#8217;de Azerbaycan`\u0131n Gakh b\u00f6lgesinde do\u011fdu. 1999 y\u0131l\u0131nda Bak\u00fc&#8217;n\u00fcn Binagadi il\u00e7esi 83 Nolu Liseden mezun oldu. 1999-2003 y\u0131llar\u0131nda Bak\u00fc Slav \u00dcniversitesi Rus Dili ve Edebiyat\u0131&hellip; <\/p>\n","protected":false},"author":1,"featured_media":12736,"parent":0,"menu_order":1,"comment_status":"open","ping_status":"closed","template":"","meta":{"footnotes":""},"class_list":["post-2","page","type-page","status-publish","has-post-thumbnail","hentry"],"jetpack_sharing_enabled":true,"_links":{"self":[{"href":"https:\/\/shahidov.com\/tr\/index.php?rest_route=\/wp\/v2\/pages\/2","targetHints":{"allow":["GET"]}}],"collection":[{"href":"https:\/\/shahidov.com\/tr\/index.php?rest_route=\/wp\/v2\/pages"}],"about":[{"href":"https:\/\/shahidov.com\/tr\/index.php?rest_route=\/wp\/v2\/types\/page"}],"author":[{"embeddable":true,"href":"https:\/\/shahidov.com\/tr\/index.php?rest_route=\/wp\/v2\/users\/1"}],"replies":[{"embeddable":true,"href":"https:\/\/shahidov.com\/tr\/index.php?rest_route=%2Fwp%2Fv2%2Fcomments&post=2"}],"version-history":[{"count":30,"href":"https:\/\/shahidov.com\/tr\/index.php?rest_route=\/wp\/v2\/pages\/2\/revisions"}],"predecessor-version":[{"id":20005,"href":"https:\/\/shahidov.com\/tr\/index.php?rest_route=\/wp\/v2\/pages\/2\/revisions\/20005"}],"wp:featuredmedia":[{"embeddable":true,"href":"https:\/\/shahidov.com\/tr\/index.php?rest_route=\/wp\/v2\/media\/12736"}],"wp:attachment":[{"href":"https:\/\/shahidov.com\/tr\/index.php?rest_route=%2Fwp%2Fv2%2Fmedia&parent=2"}],"curies":[{"name":"wp","href":"https:\/\/api.w.org\/{rel}","templated":true}]}}